{"id":2,"date":"2009-01-11T13:37:26","date_gmt":"2009-01-11T12:37:26","guid":{"rendered":"http:\/\/www.mjlesgaislurons.be\/wordpress\/?page_id=2"},"modified":"2025-05-25T16:49:22","modified_gmt":"2025-05-25T15:49:22","slug":"a-propos","status":"publish","type":"page","link":"https:\/\/www.mjlesgaislurons.be\/wordpress\/a-propos\/","title":{"rendered":"\u00c0 propos"},"content":{"rendered":"<h1 style=\"text-align: center;\"><span style=\"color: #ff0000;\" data-darkreader-inline-color=\"\">Les Gais Lurons<\/span><\/h1>\n<p><img loading=\"lazy\" decoding=\"async\" class=\"aligncenter wp-image-427 size-full\" src=\"https:\/\/www.mjlesgaislurons.be\/wordpress\/wp-content\/uploads\/2015\/11\/Mj-logo1.jpg\" alt=\"MJ logo\" width=\"422\" height=\"197\" srcset=\"https:\/\/www.mjlesgaislurons.be\/wordpress\/wp-content\/uploads\/2015\/11\/Mj-logo1.jpg 422w, https:\/\/www.mjlesgaislurons.be\/wordpress\/wp-content\/uploads\/2015\/11\/Mj-logo1-300x140.jpg 300w\" sizes=\"auto, (max-width: 422px) 100vw, 422px\" \/><\/p>\n<p>&nbsp;<\/p>\n<hr \/>\n<p><u>Les Maison des Jeunes\u00a0<\/u> sont des associations\u00a0(<strong>ASBL<\/strong>)\u00a0implant\u00e9es localement qui ont pour objectif de favoriser le d\u00e9veloppement d\u2019une citoyennet\u00e9 critique, active et responsable, principalement chez les jeunes de 12 \u00e0 26 ans, par une prise de conscience et une connaissance des r\u00e9alit\u00e9s de la soci\u00e9t\u00e9, des attitudes de responsabilit\u00e9 et de participation \u00e0 la vie sociale, \u00e9conomique et culturelle (abr\u00e9viation MJ)<\/p>\n<p>La MJ Les Gais Lurons, implant\u00e9e \u00e0 Gosselies, a \u00e9t\u00e9 fond\u00e9e par Maryse Hoebeke, il y a presque quarante ans.<\/p>\n<p>Elle est reconnue par la F\u00e9d\u00e9ration Wallonie Bruxelles et par la Ville de Charleroi.<\/p>\n<p>La MJ est membre de Forj (F\u00e9d\u00e9ration des centres de jeunes et des organisations de jeunesse) et de la Fesoj (F\u00e9d\u00e9ration des employeurs du secteur jeunesse).<\/p>\n<p>Elle poss\u00e8de \u00e9galement un Espace EPN (Espace public num\u00e9rique).<\/p>\n<p>Maison des Jeunes Les Gais Lurons ASBL, Faubourg de Bruxelles 89A Gosselies 6041 Charleroi<\/p>\n<p>Ouverte du Mardi au Samedi \u00e0 partir de 12H30.<\/p>\n<p><strong>Tel <\/strong>:\u00a0 071\/95.28.60<\/p>\n<p><strong>GSM :<\/strong> 0494\/23.83.82 (Num\u00e9ro coordinatrice S\u00e9verine Rooms)<\/p>\n<p><strong>Mail <\/strong>:\u00a0 <a href=\"mailto:les_gais_lurons@brutele.be\" target=\"_blank\" rel=\"noopener noreferrer\">les_gais_lurons@brutele.be<\/a><\/p>\n<p><strong>Adresse du si\u00e8ge social<\/strong> : Faubourg de Bruxelles 89A, Gosselies 6041 Charleroi<\/p>\n<p><strong>RPM <\/strong>: R\u00e9gion wallonne<\/p>\n<p><strong>Association <\/strong>: 859.62.002<\/p>\n<p><strong>Entreprise <\/strong>: 477.431822<\/p>\n<p>Coordinateur covid: Vincent F\u00e9vrier<br \/>\nE-mail: fevrier.vinc@gmail.com<br \/>\nGSM: 0495\/645639<\/p>\n","protected":false},"excerpt":{"rendered":"<p>Les Gais Lurons &nbsp; Les Maison des Jeunes\u00a0 sont des associations\u00a0(ASBL)\u00a0implant\u00e9es localement qui ont pour objectif de favoriser le d\u00e9veloppement d\u2019une citoyennet\u00e9 critique, active et responsable, principalement chez les jeunes de 12 \u00e0 26 ans, par une prise de conscience et une connaissance des r\u00e9alit\u00e9s de la soci\u00e9t\u00e9, des attitudes de responsabilit\u00e9 et de participation [&hellip;]<\/p>\n","protected":false},"author":1,"featured_media":0,"parent":0,"menu_order":0,"comment_status":"open","ping_status":"open","template":"","meta":{"footnotes":""},"class_list":["post-2","page","type-page","status-publish","hentry"],"yoast_head":"<!-- This site is optimized with the Yoast SEO plugin v25.9 - https:\/\/yoast.com\/wordpress\/plugins\/seo\/ -->\n<title>\u00c0 propos - Maison des Jeunes Les Gais Lurons Asbl<\/title>\n<meta name=\"description\" content=\"Informations et contact concernant la Maison des Jeunes : objectif, histoire, adresse, num\u00e9ro de t\u00e9l\u00e9phone et mail utile,...\" \/>\n<meta name=\"robots\" content=\"index, follow, max-snippet:-1, max-image-preview:large, max-video-preview:-1\" \/>\n<link rel=\"canonical\" href=\"https:\/\/www.mjlesgaislurons.be\/wordpress\/a-propos\/\" \/>\n<meta property=\"og:locale\" content=\"fr_FR\" \/>\n<meta property=\"og:type\" content=\"article\" \/>\n<meta property=\"og:title\" content=\"\u00c0 propos - Maison des Jeunes Les Gais Lurons Asbl\" \/>\n<meta property=\"og:description\" content=\"Informations et contact concernant la Maison des Jeunes : objectif, histoire, adresse, num\u00e9ro de t\u00e9l\u00e9phone et mail utile,...\" \/>\n<meta property=\"og:url\" content=\"https:\/\/www.mjlesgaislurons.be\/wordpress\/a-propos\/\" \/>\n<meta property=\"og:site_name\" content=\"Maison des Jeunes Les Gais Lurons Asbl\" \/>\n<meta property=\"article:modified_time\" content=\"2025-05-25T15:49:22+00:00\" \/>\n<meta property=\"og:image\" content=\"http:\/\/www.mjlesgaislurons.be\/wordpress\/wp-content\/uploads\/2015\/11\/Mj-logo1.jpg\" \/>\n<meta name=\"twitter:card\" content=\"summary_large_image\" \/>\n<meta name=\"twitter:label1\" content=\"Dur\u00e9e de lecture estim\u00e9e\" \/>\n\t<meta name=\"twitter:data1\" content=\"2 minutes\" \/>\n<script type=\"application\/ld+json\" class=\"yoast-schema-graph\">{\"@context\":\"https:\/\/schema.org\",\"@graph\":[{\"@type\":\"WebPage\",\"@id\":\"https:\/\/www.mjlesgaislurons.be\/wordpress\/a-propos\/\",\"url\":\"https:\/\/www.mjlesgaislurons.be\/wordpress\/a-propos\/\",\"name\":\"\u00c0 propos - Maison des Jeunes Les Gais Lurons Asbl\",\"isPartOf\":{\"@id\":\"https:\/\/www.mjlesgaislurons.be\/wordpress\/#website\"},\"primaryImageOfPage\":{\"@id\":\"https:\/\/www.mjlesgaislurons.be\/wordpress\/a-propos\/#primaryimage\"},\"image\":{\"@id\":\"https:\/\/www.mjlesgaislurons.be\/wordpress\/a-propos\/#primaryimage\"},\"thumbnailUrl\":\"http:\/\/www.mjlesgaislurons.be\/wordpress\/wp-content\/uploads\/2015\/11\/Mj-logo1.jpg\",\"datePublished\":\"2009-01-11T12:37:26+00:00\",\"dateModified\":\"2025-05-25T15:49:22+00:00\",\"description\":\"Informations et contact concernant la Maison des Jeunes : objectif, histoire, adresse, num\u00e9ro de t\u00e9l\u00e9phone et mail utile,...\",\"breadcrumb\":{\"@id\":\"https:\/\/www.mjlesgaislurons.be\/wordpress\/a-propos\/#breadcrumb\"},\"inLanguage\":\"fr-FR\",\"potentialAction\":[{\"@type\":\"ReadAction\",\"target\":[\"https:\/\/www.mjlesgaislurons.be\/wordpress\/a-propos\/\"]}]},{\"@type\":\"ImageObject\",\"inLanguage\":\"fr-FR\",\"@id\":\"https:\/\/www.mjlesgaislurons.be\/wordpress\/a-propos\/#primaryimage\",\"url\":\"http:\/\/www.mjlesgaislurons.be\/wordpress\/wp-content\/uploads\/2015\/11\/Mj-logo1.jpg\",\"contentUrl\":\"http:\/\/www.mjlesgaislurons.be\/wordpress\/wp-content\/uploads\/2015\/11\/Mj-logo1.jpg\"},{\"@type\":\"BreadcrumbList\",\"@id\":\"https:\/\/www.mjlesgaislurons.be\/wordpress\/a-propos\/#breadcrumb\",\"itemListElement\":[{\"@type\":\"ListItem\",\"position\":1,\"name\":\"Accueil\",\"item\":\"https:\/\/www.mjlesgaislurons.be\/wordpress\/\"},{\"@type\":\"ListItem\",\"position\":2,\"name\":\"\u00c0 propos\"}]},{\"@type\":\"WebSite\",\"@id\":\"https:\/\/www.mjlesgaislurons.be\/wordpress\/#website\",\"url\":\"https:\/\/www.mjlesgaislurons.be\/wordpress\/\",\"name\":\"Maison des Jeunes Les Gais Lurons Asbl\",\"description\":\"Nous sommes la pour vous!\",\"potentialAction\":[{\"@type\":\"SearchAction\",\"target\":{\"@type\":\"EntryPoint\",\"urlTemplate\":\"https:\/\/www.mjlesgaislurons.be\/wordpress\/?s={search_term_string}\"},\"query-input\":{\"@type\":\"PropertyValueSpecification\",\"valueRequired\":true,\"valueName\":\"search_term_string\"}}],\"inLanguage\":\"fr-FR\"}]}<\/script>\n<!-- \/ Yoast SEO plugin. -->","yoast_head_json":{"title":"\u00c0 propos - Maison des Jeunes Les Gais Lurons Asbl","description":"Informations et contact concernant la Maison des Jeunes : objectif, histoire, adresse, num\u00e9ro de t\u00e9l\u00e9phone et mail utile,...","robots":{"index":"index","follow":"follow","max-snippet":"max-snippet:-1","max-image-preview":"max-image-preview:large","max-video-preview":"max-video-preview:-1"},"canonical":"https:\/\/www.mjlesgaislurons.be\/wordpress\/a-propos\/","og_locale":"fr_FR","og_type":"article","og_title":"\u00c0 propos - Maison des Jeunes Les Gais Lurons Asbl","og_description":"Informations et contact concernant la Maison des Jeunes : objectif, histoire, adresse, num\u00e9ro de t\u00e9l\u00e9phone et mail utile,...","og_url":"https:\/\/www.mjlesgaislurons.be\/wordpress\/a-propos\/","og_site_name":"Maison des Jeunes Les Gais Lurons Asbl","article_modified_time":"2025-05-25T15:49:22+00:00","og_image":[{"url":"http:\/\/www.mjlesgaislurons.be\/wordpress\/wp-content\/uploads\/2015\/11\/Mj-logo1.jpg","type":"","width":"","height":""}],"twitter_card":"summary_large_image","twitter_misc":{"Dur\u00e9e de lecture estim\u00e9e":"2 minutes"},"schema":{"@context":"https:\/\/schema.org","@graph":[{"@type":"WebPage","@id":"https:\/\/www.mjlesgaislurons.be\/wordpress\/a-propos\/","url":"https:\/\/www.mjlesgaislurons.be\/wordpress\/a-propos\/","name":"\u00c0 propos - Maison des Jeunes Les Gais Lurons Asbl","isPartOf":{"@id":"https:\/\/www.mjlesgaislurons.be\/wordpress\/#website"},"primaryImageOfPage":{"@id":"https:\/\/www.mjlesgaislurons.be\/wordpress\/a-propos\/#primaryimage"},"image":{"@id":"https:\/\/www.mjlesgaislurons.be\/wordpress\/a-propos\/#primaryimage"},"thumbnailUrl":"http:\/\/www.mjlesgaislurons.be\/wordpress\/wp-content\/uploads\/2015\/11\/Mj-logo1.jpg","datePublished":"2009-01-11T12:37:26+00:00","dateModified":"2025-05-25T15:49:22+00:00","description":"Informations et contact concernant la Maison des Jeunes : objectif, histoire, adresse, num\u00e9ro de t\u00e9l\u00e9phone et mail utile,...","breadcrumb":{"@id":"https:\/\/www.mjlesgaislurons.be\/wordpress\/a-propos\/#breadcrumb"},"inLanguage":"fr-FR","potentialAction":[{"@type":"ReadAction","target":["https:\/\/www.mjlesgaislurons.be\/wordpress\/a-propos\/"]}]},{"@type":"ImageObject","inLanguage":"fr-FR","@id":"https:\/\/www.mjlesgaislurons.be\/wordpress\/a-propos\/#primaryimage","url":"http:\/\/www.mjlesgaislurons.be\/wordpress\/wp-content\/uploads\/2015\/11\/Mj-logo1.jpg","contentUrl":"http:\/\/www.mjlesgaislurons.be\/wordpress\/wp-content\/uploads\/2015\/11\/Mj-logo1.jpg"},{"@type":"BreadcrumbList","@id":"https:\/\/www.mjlesgaislurons.be\/wordpress\/a-propos\/#breadcrumb","itemListElement":[{"@type":"ListItem","position":1,"name":"Accueil","item":"https:\/\/www.mjlesgaislurons.be\/wordpress\/"},{"@type":"ListItem","position":2,"name":"\u00c0 propos"}]},{"@type":"WebSite","@id":"https:\/\/www.mjlesgaislurons.be\/wordpress\/#website","url":"https:\/\/www.mjlesgaislurons.be\/wordpress\/","name":"Maison des Jeunes Les Gais Lurons Asbl","description":"Nous sommes la pour vous!","potentialAction":[{"@type":"SearchAction","target":{"@type":"EntryPoint","urlTemplate":"https:\/\/www.mjlesgaislurons.be\/wordpress\/?s={search_term_string}"},"query-input":{"@type":"PropertyValueSpecification","valueRequired":true,"valueName":"search_term_string"}}],"inLanguage":"fr-FR"}]}},"_links":{"self":[{"href":"https:\/\/www.mjlesgaislurons.be\/wordpress\/wp-json\/wp\/v2\/pages\/2","targetHints":{"allow":["GET"]}}],"collection":[{"href":"https:\/\/www.mjlesgaislurons.be\/wordpress\/wp-json\/wp\/v2\/pages"}],"about":[{"href":"https:\/\/www.mjlesgaislurons.be\/wordpress\/wp-json\/wp\/v2\/types\/page"}],"author":[{"embeddable":true,"href":"https:\/\/www.mjlesgaislurons.be\/wordpress\/wp-json\/wp\/v2\/users\/1"}],"replies":[{"embeddable":true,"href":"https:\/\/www.mjlesgaislurons.be\/wordpress\/wp-json\/wp\/v2\/comments?post=2"}],"version-history":[{"count":13,"href":"https:\/\/www.mjlesgaislurons.be\/wordpress\/wp-json\/wp\/v2\/pages\/2\/revisions"}],"predecessor-version":[{"id":183283,"href":"https:\/\/www.mjlesgaislurons.be\/wordpress\/wp-json\/wp\/v2\/pages\/2\/revisions\/183283"}],"wp:attachment":[{"href":"https:\/\/www.mjlesgaislurons.be\/wordpress\/wp-json\/wp\/v2\/media?parent=2"}],"curies":[{"name":"wp","href":"https:\/\/api.w.org\/{rel}","templated":true}]}}