{"id":419,"date":"2015-11-27T13:51:24","date_gmt":"2015-11-27T12:51:24","guid":{"rendered":"http:\/\/www.mjlesgaislurons.be\/wordpress\/?page_id=419"},"modified":"2018-09-30T16:16:14","modified_gmt":"2018-09-30T15:16:14","slug":"nos-animateurs","status":"publish","type":"page","link":"https:\/\/www.mjlesgaislurons.be\/wordpress\/nos-animateurs\/","title":{"rendered":"Nos Animateurs"},"content":{"rendered":"<h1><span style=\"color: #ff0000;\">Nos Animateurs !<\/span><\/h1>\n<hr \/>\n<p>Les animateurs sont d&rsquo;une importance capitale pour la Maison des Jeunes.<\/p>\n<h2><span style=\"text-decoration: underline;\"><span style=\"color: #ff00ff; text-decoration: underline;\">Animatrices permanentes<\/span><\/span><\/h2>\n<div style=\"width: 100%; display: flex;\">\n<div style=\"width: calc( 100% \/ 4);\">\n<div id=\"attachment_753\" style=\"width: 87px\" class=\"wp-caption alignnone\"><img loading=\"lazy\" decoding=\"async\" aria-describedby=\"caption-attachment-753\" class=\"wp-image-753 size-full\" src=\"https:\/\/www.mjlesgaislurons.be\/wordpress\/wp-content\/uploads\/2016\/03\/marie-raconis.jpg\" alt=\"Marie Raconis\" width=\"77\" height=\"98\" \/><p id=\"caption-attachment-753\" class=\"wp-caption-text\">Marie Raconis<\/p><\/div>\n<\/div>\n<div style=\"width: calc( 100% \/ 4);\">\n<div id=\"attachment_475\" style=\"width: 79px\" class=\"wp-caption alignnone\"><a href=\"https:\/\/www.mjlesgaislurons.be\/wordpress\/wp-content\/uploads\/2015\/11\/armony-stouffe.png\"><img loading=\"lazy\" decoding=\"async\" aria-describedby=\"caption-attachment-475\" class=\"wp-image-475 size-full\" src=\"https:\/\/www.mjlesgaislurons.be\/wordpress\/wp-content\/uploads\/2015\/11\/s\u00e9verine-rooms.png\" alt=\"S\u00e9verine Rooms\" width=\"69\" height=\"86\" \/><\/a><p id=\"caption-attachment-475\" class=\"wp-caption-text\">S\u00e9verine Rooms<\/p><\/div>\n<\/div>\n<\/div>\n<h2><span style=\"text-decoration: underline; color: #ff00ff;\">Animateurs B\u00e9n\u00e9voles<\/span><\/h2>\n<p>Chacun de ces animateurs organise b\u00e9n\u00e9volement une animation au sein de la Maison des Jeunes !<\/p>\n<div style=\"width: 100%; display: flex;\">\n<div style=\"width: calc( 100% \/ 4);\">\n<div id=\"attachment_469\" style=\"width: 78px\" class=\"wp-caption alignnone\"><img loading=\"lazy\" decoding=\"async\" aria-describedby=\"caption-attachment-469\" class=\"wp-image-469 size-full\" src=\"https:\/\/www.mjlesgaislurons.be\/wordpress\/wp-content\/uploads\/2015\/11\/martine-alexandre.png\" alt=\"Martine Alexandre\" width=\"68\" height=\"86\" \/><p id=\"caption-attachment-469\" class=\"wp-caption-text\">Martine Alexandre<\/p><\/div>\n<\/div>\n<div style=\"width: calc( 100% \/ 4);\">\n<div id=\"attachment_459\" style=\"width: 79px\" class=\"wp-caption alignnone\"><img loading=\"lazy\" decoding=\"async\" aria-describedby=\"caption-attachment-459\" class=\"wp-image-459 size-full\" src=\"https:\/\/www.mjlesgaislurons.be\/wordpress\/wp-content\/uploads\/2015\/11\/ana-fernandez-tamargo.png\" alt=\"Ana Fernandez Tamargo\" width=\"69\" height=\"89\" \/><p id=\"caption-attachment-459\" class=\"wp-caption-text\">Ana Fernandez Tamargo<\/p><\/div>\n<\/div>\n<div style=\"width: calc( 100% \/ 4);\">\n<div id=\"attachment_12793\" style=\"width: 73px\" class=\"wp-caption alignnone\"><img loading=\"lazy\" decoding=\"async\" aria-describedby=\"caption-attachment-12793\" class=\"size-full wp-image-12793\" src=\"https:\/\/www.mjlesgaislurons.be\/wordpress\/wp-content\/uploads\/2018\/09\/Blank.png\" alt=\"Cindy David\" width=\"63\" height=\"93\" \/><p id=\"caption-attachment-12793\" class=\"wp-caption-text\">Cindy David<\/p><\/div>\n<\/div>\n<div style=\"width: calc( 100% \/ 4);\">\n<div id=\"attachment_460\" style=\"width: 76px\" class=\"wp-caption alignnone\"><img loading=\"lazy\" decoding=\"async\" aria-describedby=\"caption-attachment-460\" class=\"wp-image-460 size-full\" src=\"https:\/\/www.mjlesgaislurons.be\/wordpress\/wp-content\/uploads\/2015\/11\/ang\u00e9line-van-thielen.png\" alt=\"Ang\u00e9line van Thielen\" width=\"66\" height=\"84\" \/><p id=\"caption-attachment-460\" class=\"wp-caption-text\">Ang\u00e9line van Thielen<\/p><\/div>\n<\/div>\n<\/div>\n<div style=\"width: 100%; display: flex;\">\n<div style=\"width: calc( 100% \/ 4);\">\n<div id=\"attachment_617\" style=\"width: 71px\" class=\"wp-caption alignnone\"><img loading=\"lazy\" decoding=\"async\" aria-describedby=\"caption-attachment-617\" class=\"wp-image-617 size-full\" src=\"https:\/\/www.mjlesgaislurons.be\/wordpress\/wp-content\/uploads\/2016\/03\/simon-f\u00e9vrier.png\" alt=\"Simon F\u00e9vrier\" width=\"61\" height=\"86\" \/><p id=\"caption-attachment-617\" class=\"wp-caption-text\">Simon F\u00e9vrier<\/p><\/div>\n<\/div>\n<div style=\"width: calc( 100% \/ 4);\">\n<div id=\"attachment_479\" style=\"width: 72px\" class=\"wp-caption alignnone\"><img loading=\"lazy\" decoding=\"async\" aria-describedby=\"caption-attachment-479\" class=\"wp-image-479\" src=\"https:\/\/www.mjlesgaislurons.be\/wordpress\/wp-content\/uploads\/2015\/11\/vincent-f\u00e9vrier.png\" alt=\"Vincent F\u00e9vrier\" width=\"62\" height=\"84\" \/><p id=\"caption-attachment-479\" class=\"wp-caption-text\">Vincent F\u00e9vrier<\/p><\/div>\n<\/div>\n<div style=\"width: calc( 100% \/ 4);\">\n<div id=\"attachment_467\" style=\"width: 76px\" class=\"wp-caption alignnone\"><img loading=\"lazy\" decoding=\"async\" aria-describedby=\"caption-attachment-467\" class=\"wp-image-467 size-full\" src=\"https:\/\/www.mjlesgaislurons.be\/wordpress\/wp-content\/uploads\/2015\/11\/lisa-gianessi.png\" alt=\"Lisa Gianessi\" width=\"66\" height=\"89\" \/><p id=\"caption-attachment-467\" class=\"wp-caption-text\">Lisa Gianessi<\/p><\/div>\n<\/div>\n<div style=\"width: calc( 100% \/ 4);\">\n<div id=\"attachment_470\" style=\"width: 75px\" class=\"wp-caption alignnone\"><img loading=\"lazy\" decoding=\"async\" aria-describedby=\"caption-attachment-470\" class=\"wp-image-470 size-full\" src=\"https:\/\/www.mjlesgaislurons.be\/wordpress\/wp-content\/uploads\/2015\/11\/maryse-hoebeke.png\" alt=\"Maryse Hoebeke\" width=\"65\" height=\"88\" \/><p id=\"caption-attachment-470\" class=\"wp-caption-text\">Maryse Hoebeke<\/p><\/div>\n<\/div>\n<\/div>\n<div style=\"width: 100%; display: flex;\">\n<div style=\"width: calc( 100% \/ 4);\">\n<div id=\"attachment_478\" style=\"width: 72px\" class=\"wp-caption alignnone\"><img loading=\"lazy\" decoding=\"async\" aria-describedby=\"caption-attachment-478\" class=\"wp-image-478 size-full\" src=\"https:\/\/www.mjlesgaislurons.be\/wordpress\/wp-content\/uploads\/2015\/11\/val\u00e9rie-mairiaux.png\" alt=\"Val\u00e9rie Mairiaux\" width=\"62\" height=\"88\" \/><p id=\"caption-attachment-478\" class=\"wp-caption-text\">Val\u00e9rie Mairiaux<\/p><\/div>\n<\/div>\n<div style=\"width: calc( 100% \/ 4);\">\n<div id=\"attachment_12793\" style=\"width: 73px\" class=\"wp-caption alignnone\"><img loading=\"lazy\" decoding=\"async\" aria-describedby=\"caption-attachment-12793\" class=\"size-full wp-image-12793\" src=\"https:\/\/www.mjlesgaislurons.be\/wordpress\/wp-content\/uploads\/2018\/09\/Blank.png\" alt=\"Jane Lemire\" width=\"63\" height=\"93\" \/><p id=\"caption-attachment-12793\" class=\"wp-caption-text\">Jane Lemire<\/p><\/div>\n<\/div>\n<div style=\"width: calc( 100% \/ 4);\">\n<div id=\"attachment_468\" style=\"width: 79px\" class=\"wp-caption alignnone\"><img loading=\"lazy\" decoding=\"async\" aria-describedby=\"caption-attachment-468\" class=\"wp-image-468 size-full\" src=\"https:\/\/www.mjlesgaislurons.be\/wordpress\/wp-content\/uploads\/2015\/11\/madysone-rossi.png\" alt=\"Madysone Rossi\" width=\"69\" height=\"87\" \/><p id=\"caption-attachment-468\" class=\"wp-caption-text\">Madysone Rossi<\/p><\/div>\n<\/div>\n<div style=\"width: calc( 100% \/ 4);\">\n<div id=\"attachment_473\" style=\"width: 80px\" class=\"wp-caption alignnone\"><img loading=\"lazy\" decoding=\"async\" aria-describedby=\"caption-attachment-473\" class=\"wp-image-473 size-full\" src=\"https:\/\/www.mjlesgaislurons.be\/wordpress\/wp-content\/uploads\/2015\/11\/priscilla-rossi.png\" alt=\"Priscilla Rossi\" width=\"70\" height=\"90\" \/><p id=\"caption-attachment-473\" class=\"wp-caption-text\">Priscilla Rossi<\/p><\/div>\n<\/div>\n<\/div>\n<div style=\"width: 100%; display: flex;\">\n<div style=\"width: calc( 100% \/ 4);\">\n<div id=\"attachment_12793\" style=\"width: 73px\" class=\"wp-caption alignnone\"><a href=\"https:\/\/www.mjlesgaislurons.be\/wordpress\/wp-content\/uploads\/2018\/09\/Blank.png\"><img loading=\"lazy\" decoding=\"async\" aria-describedby=\"caption-attachment-12793\" class=\"size-full wp-image-12793\" src=\"https:\/\/www.mjlesgaislurons.be\/wordpress\/wp-content\/uploads\/2018\/09\/Blank.png\" alt=\"Lisa-Marie Rossi\" width=\"63\" height=\"93\" \/><\/a><p id=\"caption-attachment-12793\" class=\"wp-caption-text\">Lisa-Marie Rossi<\/p><\/div>\n<\/div>\n<div style=\"width: calc( 100% \/ 4);\">\n<div id=\"attachment_543\" style=\"width: 78px\" class=\"wp-caption alignnone\"><img loading=\"lazy\" decoding=\"async\" aria-describedby=\"caption-attachment-543\" class=\" wp-image-543\" src=\"https:\/\/www.mjlesgaislurons.be\/wordpress\/wp-content\/uploads\/2015\/12\/leslie.png\" alt=\"Leslie Pierrot\" width=\"68\" height=\"81\" \/><p id=\"caption-attachment-543\" class=\"wp-caption-text\">Leslie Pierrot<\/p><\/div>\n<\/div>\n<\/div>\n<p>&nbsp;<\/p>\n<p>&nbsp;<\/p>\n<h2><span style=\"text-decoration: underline;\"><span style=\"color: #ff00ff; text-decoration: underline;\">Supports B\u00e9n\u00e9voles<\/span><\/span><\/h2>\n<p>Les animateurs supports sont les animateurs qui n&rsquo;ont pas d&rsquo;animations propre \u00e0 eux mais qui viennent nous aider durant les diverses manifestations de la Maison des Jeunes (souper, spectacle, march\u00e9 de No\u00ebl, pose du balatum&#8230;) mais aussi durant l&rsquo;ann\u00e9e (chalet,&#8230;)<\/p>\n<div style=\"width: 100%; display: flex;\">\n<div style=\"width: calc( 100% \/ 4);\">\n<div id=\"attachment_492\" style=\"width: 71px\" class=\"wp-caption alignnone\"><img loading=\"lazy\" decoding=\"async\" aria-describedby=\"caption-attachment-492\" class=\"wp-image-492 size-full\" src=\"https:\/\/www.mjlesgaislurons.be\/wordpress\/wp-content\/uploads\/2015\/12\/eric-depasse.png\" alt=\"\u00c9ric Depasse\" width=\"61\" height=\"84\" \/><p id=\"caption-attachment-492\" class=\"wp-caption-text\">\u00c9ric Depasse<\/p><\/div>\n<\/div>\n<div style=\"width: calc( 100% \/ 4);\">\n<div id=\"attachment_12793\" style=\"width: 73px\" class=\"wp-caption alignnone\"><img loading=\"lazy\" decoding=\"async\" aria-describedby=\"caption-attachment-12793\" class=\"size-full wp-image-12793\" src=\"https:\/\/www.mjlesgaislurons.be\/wordpress\/wp-content\/uploads\/2018\/09\/Blank.png\" alt=\"Catherine Blondiaux\" width=\"63\" height=\"93\" \/><p id=\"caption-attachment-12793\" class=\"wp-caption-text\">Catherine Blondiaux<\/p><\/div>\n<\/div>\n<div style=\"width: calc( 100% \/ 4);\">\n<div id=\"attachment_474\" style=\"width: 76px\" class=\"wp-caption alignnone\"><img loading=\"lazy\" decoding=\"async\" aria-describedby=\"caption-attachment-474\" class=\"wp-image-474 size-full\" src=\"https:\/\/www.mjlesgaislurons.be\/wordpress\/wp-content\/uploads\/2015\/11\/serge-f\u00e9vrier.png\" alt=\"Serge F\u00e9vrier\" width=\"66\" height=\"89\" \/><p id=\"caption-attachment-474\" class=\"wp-caption-text\">Serge F\u00e9vrier<\/p><\/div>\n<\/div>\n<div style=\"width: calc( 100% \/ 4);\">\n<div id=\"attachment_498\" style=\"width: 77px\" class=\"wp-caption alignnone\"><img loading=\"lazy\" decoding=\"async\" aria-describedby=\"caption-attachment-498\" class=\"wp-image-498 size-full\" src=\"https:\/\/www.mjlesgaislurons.be\/wordpress\/wp-content\/uploads\/2015\/12\/v\u00e9ronique-henry.png\" alt=\"V\u00e9ronique Henry\" width=\"67\" height=\"87\" \/><p id=\"caption-attachment-498\" class=\"wp-caption-text\">V\u00e9ronique Henry<\/p><\/div>\n<\/div>\n<\/div>\n<div style=\"width: 100%; display: flex;\">\n<div style=\"width: calc( 100% \/ 4);\">\n<div id=\"attachment_817\" style=\"width: 92px\" class=\"wp-caption alignnone\"><img loading=\"lazy\" decoding=\"async\" aria-describedby=\"caption-attachment-817\" class=\"wp-image-817\" src=\"https:\/\/www.mjlesgaislurons.be\/wordpress\/wp-content\/uploads\/2016\/09\/joel-rossi-150x150.jpg\" alt=\"Joel Rossi\" width=\"82\" height=\"82\" \/><p id=\"caption-attachment-817\" class=\"wp-caption-text\">Joel Rossi<\/p><\/div>\n<\/div>\n<div style=\"width: calc( 100% \/ 4);\">\n<div id=\"attachment_12793\" style=\"width: 73px\" class=\"wp-caption alignnone\"><a href=\"https:\/\/www.mjlesgaislurons.be\/wordpress\/wp-content\/uploads\/2018\/09\/Blank.png\"><img loading=\"lazy\" decoding=\"async\" aria-describedby=\"caption-attachment-12793\" class=\"size-full wp-image-12793\" src=\"https:\/\/www.mjlesgaislurons.be\/wordpress\/wp-content\/uploads\/2018\/09\/Blank.png\" alt=\"Jean-Christophe Maniet\" width=\"63\" height=\"93\" \/><\/a><p id=\"caption-attachment-12793\" class=\"wp-caption-text\">Jean-Christophe Maniet<\/p><\/div>\n<\/div>\n<div style=\"width: calc( 100% \/ 4);\">\n<div id=\"attachment_471\" style=\"width: 84px\" class=\"wp-caption alignnone\"><img loading=\"lazy\" decoding=\"async\" aria-describedby=\"caption-attachment-471\" class=\"wp-image-471\" src=\"https:\/\/www.mjlesgaislurons.be\/wordpress\/wp-content\/uploads\/2015\/11\/micha\u00ebl-isb\u00e8que.png\" alt=\"Micha\u00ebl Isb\u00e8que\" width=\"74\" height=\"93\" \/><p id=\"caption-attachment-471\" class=\"wp-caption-text\">Micha\u00ebl Isb\u00e8que<\/p><\/div>\n<\/div>\n<div style=\"width: calc( 100% \/ 4);\">\n<div id=\"attachment_12793\" style=\"width: 73px\" class=\"wp-caption alignnone\"><a href=\"https:\/\/www.mjlesgaislurons.be\/wordpress\/wp-content\/uploads\/2018\/09\/Blank.png\"><img loading=\"lazy\" decoding=\"async\" aria-describedby=\"caption-attachment-12793\" class=\"size-full wp-image-12793\" src=\"https:\/\/www.mjlesgaislurons.be\/wordpress\/wp-content\/uploads\/2018\/09\/Blank.png\" alt=\"Micha\u00ebl Jehoulet\" width=\"63\" height=\"93\" \/><\/a><p id=\"caption-attachment-12793\" class=\"wp-caption-text\">Micha\u00ebl Jehoulet<\/p><\/div>\n<\/div>\n<\/div>\n","protected":false},"excerpt":{"rendered":"<p>Nos Animateurs ! Les animateurs sont d&rsquo;une importance capitale pour la Maison des Jeunes. Animatrices permanentes Animateurs B\u00e9n\u00e9voles Chacun de ces animateurs organise b\u00e9n\u00e9volement une animation au sein de la Maison des Jeunes ! &nbsp; &nbsp; Supports B\u00e9n\u00e9voles Les animateurs supports sont les animateurs qui n&rsquo;ont pas d&rsquo;animations propre \u00e0 eux mais qui viennent nous [&hellip;]<\/p>\n","protected":false},"author":6,"featured_media":0,"parent":0,"menu_order":0,"comment_status":"closed","ping_status":"closed","template":"","meta":{"footnotes":""},"class_list":["post-419","page","type-page","status-publish","hentry"],"yoast_head":"<!-- This site is optimized with the Yoast SEO plugin v25.9 - https:\/\/yoast.com\/wordpress\/plugins\/seo\/ -->\n<title>Nos Animateurs - Maison des Jeunes Les Gais Lurons Asbl<\/title>\n<meta name=\"description\" content=\"Vous trouvez ici quelques informations sur les animateurs de la Maison des Jeunes ainsi que leurs r\u00f4les au sein de la MJ .\" \/>\n<meta name=\"robots\" content=\"index, follow, max-snippet:-1, max-image-preview:large, max-video-preview:-1\" \/>\n<link rel=\"canonical\" href=\"https:\/\/www.mjlesgaislurons.be\/wordpress\/nos-animateurs\/\" \/>\n<meta property=\"og:locale\" content=\"fr_FR\" \/>\n<meta property=\"og:type\" content=\"article\" \/>\n<meta property=\"og:title\" content=\"Nos Animateurs - Maison des Jeunes Les Gais Lurons Asbl\" \/>\n<meta property=\"og:description\" content=\"Vous trouvez ici quelques informations sur les animateurs de la Maison des Jeunes ainsi que leurs r\u00f4les au sein de la MJ .\" \/>\n<meta property=\"og:url\" content=\"https:\/\/www.mjlesgaislurons.be\/wordpress\/nos-animateurs\/\" \/>\n<meta property=\"og:site_name\" content=\"Maison des Jeunes Les Gais Lurons Asbl\" \/>\n<meta property=\"article:modified_time\" content=\"2018-09-30T15:16:14+00:00\" \/>\n<meta property=\"og:image\" content=\"http:\/\/www.mjlesgaislurons.be\/wordpress\/wp-content\/uploads\/2016\/03\/marie-raconis.jpg\" \/>\n<meta name=\"twitter:card\" content=\"summary_large_image\" \/>\n<meta name=\"twitter:label1\" content=\"Dur\u00e9e de lecture estim\u00e9e\" \/>\n\t<meta name=\"twitter:data1\" content=\"2 minutes\" \/>\n<script type=\"application\/ld+json\" class=\"yoast-schema-graph\">{\"@context\":\"https:\/\/schema.org\",\"@graph\":[{\"@type\":\"WebPage\",\"@id\":\"https:\/\/www.mjlesgaislurons.be\/wordpress\/nos-animateurs\/\",\"url\":\"https:\/\/www.mjlesgaislurons.be\/wordpress\/nos-animateurs\/\",\"name\":\"Nos Animateurs - Maison des Jeunes Les Gais Lurons Asbl\",\"isPartOf\":{\"@id\":\"https:\/\/www.mjlesgaislurons.be\/wordpress\/#website\"},\"primaryImageOfPage\":{\"@id\":\"https:\/\/www.mjlesgaislurons.be\/wordpress\/nos-animateurs\/#primaryimage\"},\"image\":{\"@id\":\"https:\/\/www.mjlesgaislurons.be\/wordpress\/nos-animateurs\/#primaryimage\"},\"thumbnailUrl\":\"http:\/\/www.mjlesgaislurons.be\/wordpress\/wp-content\/uploads\/2016\/03\/marie-raconis.jpg\",\"datePublished\":\"2015-11-27T12:51:24+00:00\",\"dateModified\":\"2018-09-30T15:16:14+00:00\",\"description\":\"Vous trouvez ici quelques informations sur les animateurs de la Maison des Jeunes ainsi que leurs r\u00f4les au sein de la MJ .\",\"breadcrumb\":{\"@id\":\"https:\/\/www.mjlesgaislurons.be\/wordpress\/nos-animateurs\/#breadcrumb\"},\"inLanguage\":\"fr-FR\",\"potentialAction\":[{\"@type\":\"ReadAction\",\"target\":[\"https:\/\/www.mjlesgaislurons.be\/wordpress\/nos-animateurs\/\"]}]},{\"@type\":\"ImageObject\",\"inLanguage\":\"fr-FR\",\"@id\":\"https:\/\/www.mjlesgaislurons.be\/wordpress\/nos-animateurs\/#primaryimage\",\"url\":\"http:\/\/www.mjlesgaislurons.be\/wordpress\/wp-content\/uploads\/2016\/03\/marie-raconis.jpg\",\"contentUrl\":\"http:\/\/www.mjlesgaislurons.be\/wordpress\/wp-content\/uploads\/2016\/03\/marie-raconis.jpg\"},{\"@type\":\"BreadcrumbList\",\"@id\":\"https:\/\/www.mjlesgaislurons.be\/wordpress\/nos-animateurs\/#breadcrumb\",\"itemListElement\":[{\"@type\":\"ListItem\",\"position\":1,\"name\":\"Accueil\",\"item\":\"https:\/\/www.mjlesgaislurons.be\/wordpress\/\"},{\"@type\":\"ListItem\",\"position\":2,\"name\":\"Nos Animateurs\"}]},{\"@type\":\"WebSite\",\"@id\":\"https:\/\/www.mjlesgaislurons.be\/wordpress\/#website\",\"url\":\"https:\/\/www.mjlesgaislurons.be\/wordpress\/\",\"name\":\"Maison des Jeunes Les Gais Lurons Asbl\",\"description\":\"Nous sommes la pour vous!\",\"potentialAction\":[{\"@type\":\"SearchAction\",\"target\":{\"@type\":\"EntryPoint\",\"urlTemplate\":\"https:\/\/www.mjlesgaislurons.be\/wordpress\/?s={search_term_string}\"},\"query-input\":{\"@type\":\"PropertyValueSpecification\",\"valueRequired\":true,\"valueName\":\"search_term_string\"}}],\"inLanguage\":\"fr-FR\"}]}<\/script>\n<!-- \/ Yoast SEO plugin. -->","yoast_head_json":{"title":"Nos Animateurs - Maison des Jeunes Les Gais Lurons Asbl","description":"Vous trouvez ici quelques informations sur les animateurs de la Maison des Jeunes ainsi que leurs r\u00f4les au sein de la MJ .","robots":{"index":"index","follow":"follow","max-snippet":"max-snippet:-1","max-image-preview":"max-image-preview:large","max-video-preview":"max-video-preview:-1"},"canonical":"https:\/\/www.mjlesgaislurons.be\/wordpress\/nos-animateurs\/","og_locale":"fr_FR","og_type":"article","og_title":"Nos Animateurs - Maison des Jeunes Les Gais Lurons Asbl","og_description":"Vous trouvez ici quelques informations sur les animateurs de la Maison des Jeunes ainsi que leurs r\u00f4les au sein de la MJ .","og_url":"https:\/\/www.mjlesgaislurons.be\/wordpress\/nos-animateurs\/","og_site_name":"Maison des Jeunes Les Gais Lurons Asbl","article_modified_time":"2018-09-30T15:16:14+00:00","og_image":[{"url":"http:\/\/www.mjlesgaislurons.be\/wordpress\/wp-content\/uploads\/2016\/03\/marie-raconis.jpg","type":"","width":"","height":""}],"twitter_card":"summary_large_image","twitter_misc":{"Dur\u00e9e de lecture estim\u00e9e":"2 minutes"},"schema":{"@context":"https:\/\/schema.org","@graph":[{"@type":"WebPage","@id":"https:\/\/www.mjlesgaislurons.be\/wordpress\/nos-animateurs\/","url":"https:\/\/www.mjlesgaislurons.be\/wordpress\/nos-animateurs\/","name":"Nos Animateurs - Maison des Jeunes Les Gais Lurons Asbl","isPartOf":{"@id":"https:\/\/www.mjlesgaislurons.be\/wordpress\/#website"},"primaryImageOfPage":{"@id":"https:\/\/www.mjlesgaislurons.be\/wordpress\/nos-animateurs\/#primaryimage"},"image":{"@id":"https:\/\/www.mjlesgaislurons.be\/wordpress\/nos-animateurs\/#primaryimage"},"thumbnailUrl":"http:\/\/www.mjlesgaislurons.be\/wordpress\/wp-content\/uploads\/2016\/03\/marie-raconis.jpg","datePublished":"2015-11-27T12:51:24+00:00","dateModified":"2018-09-30T15:16:14+00:00","description":"Vous trouvez ici quelques informations sur les animateurs de la Maison des Jeunes ainsi que leurs r\u00f4les au sein de la MJ .","breadcrumb":{"@id":"https:\/\/www.mjlesgaislurons.be\/wordpress\/nos-animateurs\/#breadcrumb"},"inLanguage":"fr-FR","potentialAction":[{"@type":"ReadAction","target":["https:\/\/www.mjlesgaislurons.be\/wordpress\/nos-animateurs\/"]}]},{"@type":"ImageObject","inLanguage":"fr-FR","@id":"https:\/\/www.mjlesgaislurons.be\/wordpress\/nos-animateurs\/#primaryimage","url":"http:\/\/www.mjlesgaislurons.be\/wordpress\/wp-content\/uploads\/2016\/03\/marie-raconis.jpg","contentUrl":"http:\/\/www.mjlesgaislurons.be\/wordpress\/wp-content\/uploads\/2016\/03\/marie-raconis.jpg"},{"@type":"BreadcrumbList","@id":"https:\/\/www.mjlesgaislurons.be\/wordpress\/nos-animateurs\/#breadcrumb","itemListElement":[{"@type":"ListItem","position":1,"name":"Accueil","item":"https:\/\/www.mjlesgaislurons.be\/wordpress\/"},{"@type":"ListItem","position":2,"name":"Nos Animateurs"}]},{"@type":"WebSite","@id":"https:\/\/www.mjlesgaislurons.be\/wordpress\/#website","url":"https:\/\/www.mjlesgaislurons.be\/wordpress\/","name":"Maison des Jeunes Les Gais Lurons Asbl","description":"Nous sommes la pour vous!","potentialAction":[{"@type":"SearchAction","target":{"@type":"EntryPoint","urlTemplate":"https:\/\/www.mjlesgaislurons.be\/wordpress\/?s={search_term_string}"},"query-input":{"@type":"PropertyValueSpecification","valueRequired":true,"valueName":"search_term_string"}}],"inLanguage":"fr-FR"}]}},"_links":{"self":[{"href":"https:\/\/www.mjlesgaislurons.be\/wordpress\/wp-json\/wp\/v2\/pages\/419","targetHints":{"allow":["GET"]}}],"collection":[{"href":"https:\/\/www.mjlesgaislurons.be\/wordpress\/wp-json\/wp\/v2\/pages"}],"about":[{"href":"https:\/\/www.mjlesgaislurons.be\/wordpress\/wp-json\/wp\/v2\/types\/page"}],"author":[{"embeddable":true,"href":"https:\/\/www.mjlesgaislurons.be\/wordpress\/wp-json\/wp\/v2\/users\/6"}],"replies":[{"embeddable":true,"href":"https:\/\/www.mjlesgaislurons.be\/wordpress\/wp-json\/wp\/v2\/comments?post=419"}],"version-history":[{"count":21,"href":"https:\/\/www.mjlesgaislurons.be\/wordpress\/wp-json\/wp\/v2\/pages\/419\/revisions"}],"predecessor-version":[{"id":183173,"href":"https:\/\/www.mjlesgaislurons.be\/wordpress\/wp-json\/wp\/v2\/pages\/419\/revisions\/183173"}],"wp:attachment":[{"href":"https:\/\/www.mjlesgaislurons.be\/wordpress\/wp-json\/wp\/v2\/media?parent=419"}],"curies":[{"name":"wp","href":"https:\/\/api.w.org\/{rel}","templated":true}]}}